{"id":130,"date":"2021-03-22T10:57:14","date_gmt":"2021-03-22T09:57:14","guid":{"rendered":"https:\/\/olivier-rochart.fr\/?page_id=130"},"modified":"2021-04-07T14:58:04","modified_gmt":"2021-04-07T12:58:04","slug":"tir-sportif","status":"publish","type":"page","link":"https:\/\/olivier-rochart.fr\/index.php\/tir-sportif\/","title":{"rendered":"Tir Sportif"},"content":{"rendered":"\t\t<div data-elementor-type=\"wp-page\" data-elementor-id=\"130\" class=\"elementor elementor-130\">\n\t\t\t\t\t\t\t\t\t<section class=\"elementor-section elementor-top-section elementor-element elementor-element-ab27284 elementor-section-boxed elementor-section-height-default elementor-section-height-default\" data-id=\"ab27284\" data-element_type=\"section\">\n\t\t\t\t\t\t<div class=\"elementor-container elementor-column-gap-default\">\n\t\t\t\t\t<div class=\"elementor-column elementor-col-100 elementor-top-column elementor-element elementor-element-691adcf\" data-id=\"691adcf\" data-element_type=\"column\">\n\t\t\t<div class=\"elementor-widget-wrap elementor-element-populated\">\n\t\t\t\t\t\t\t\t<div class=\"elementor-element elementor-element-67c52b8 animated-slow elementor-invisible elementor-widget elementor-widget-image\" data-id=\"67c52b8\" data-element_type=\"widget\" data-settings=\"{&quot;_animation&quot;:&quot;zoomIn&quot;,&quot;_animation_mobile&quot;:&quot;zoomIn&quot;}\" data-widget_type=\"image.default\">\n\t\t\t\t<div class=\"elementor-widget-container\">\n\t\t\t\t\t\t\t\t\t\t\t\t\t\t\t<img loading=\"lazy\" decoding=\"async\" width=\"750\" height=\"435\" src=\"https:\/\/olivier-rochart.fr\/wp-content\/uploads\/2021\/03\/Tir_intro-768x445.png\" class=\"attachment-medium_large size-medium_large wp-image-688\" alt=\"\" srcset=\"https:\/\/olivier-rochart.fr\/wp-content\/uploads\/2021\/03\/Tir_intro-768x445.png 768w, https:\/\/olivier-rochart.fr\/wp-content\/uploads\/2021\/03\/Tir_intro-300x174.png 300w, https:\/\/olivier-rochart.fr\/wp-content\/uploads\/2021\/03\/Tir_intro.png 865w\" sizes=\"(max-width: 750px) 100vw, 750px\" style=\"width:100%;height:57.92%;max-width:865px\" \/>\t\t\t\t\t\t\t\t\t\t\t\t\t\t\t<\/div>\n\t\t\t\t<\/div>\n\t\t\t\t\t<\/div>\n\t\t<\/div>\n\t\t\t\t\t\t\t<\/div>\n\t\t<\/section>\n\t\t\t\t<section class=\"elementor-section elementor-top-section elementor-element elementor-element-03b51ea elementor-section-boxed elementor-section-height-default elementor-section-height-default\" data-id=\"03b51ea\" data-element_type=\"section\">\n\t\t\t\t\t\t<div class=\"elementor-container elementor-column-gap-default\">\n\t\t\t\t\t<div class=\"elementor-column elementor-col-25 elementor-top-column elementor-element elementor-element-dffa386\" data-id=\"dffa386\" data-element_type=\"column\">\n\t\t\t<div class=\"elementor-widget-wrap\">\n\t\t\t\t\t\t\t\t\t<\/div>\n\t\t<\/div>\n\t\t\t\t<div class=\"elementor-column elementor-col-50 elementor-top-column elementor-element elementor-element-c85a466\" data-id=\"c85a466\" data-element_type=\"column\">\n\t\t\t<div class=\"elementor-widget-wrap elementor-element-populated\">\n\t\t\t\t\t\t\t\t<div class=\"elementor-element elementor-element-1c36d02 elementor-widget elementor-widget-text-editor\" data-id=\"1c36d02\" data-element_type=\"widget\" data-widget_type=\"text-editor.default\">\n\t\t\t\t<div class=\"elementor-widget-container\">\n\t\t\t\t\t\t\t<p>Au tir, faire \u00ab\u00a0Mouche\u00a0\u00bb c&rsquo;est facile, le refaire au coup suivant&#8230; encore et encore, c&rsquo;est l\u00e0 que le terme de (bon) \u00ab\u00a0tireur\u00a0\u00bb prend tout son sens<\/p>\t\t\t\t\t\t<\/div>\n\t\t\t\t<\/div>\n\t\t\t\t<div class=\"elementor-element elementor-element-8c3f926 elementor-widget elementor-widget-spacer\" data-id=\"8c3f926\" data-element_type=\"widget\" data-widget_type=\"spacer.default\">\n\t\t\t\t<div class=\"elementor-widget-container\">\n\t\t\t\t\t<div class=\"elementor-spacer\">\n\t\t\t<div class=\"elementor-spacer-inner\"><\/div>\n\t\t<\/div>\n\t\t\t\t<\/div>\n\t\t\t\t<\/div>\n\t\t\t\t\t<\/div>\n\t\t<\/div>\n\t\t\t\t<div class=\"elementor-column elementor-col-25 elementor-top-column elementor-element elementor-element-186784e\" data-id=\"186784e\" data-element_type=\"column\">\n\t\t\t<div class=\"elementor-widget-wrap\">\n\t\t\t\t\t\t\t\t\t<\/div>\n\t\t<\/div>\n\t\t\t\t\t\t\t<\/div>\n\t\t<\/section>\n\t\t\t\t<section class=\"elementor-section elementor-top-section elementor-element elementor-element-33f76ee elementor-section-boxed elementor-section-height-default elementor-section-height-default\" data-id=\"33f76ee\" data-element_type=\"section\">\n\t\t\t\t\t\t<div class=\"elementor-container elementor-column-gap-default\">\n\t\t\t\t\t<div class=\"elementor-column elementor-col-100 elementor-top-column elementor-element elementor-element-fdc2a42\" data-id=\"fdc2a42\" data-element_type=\"column\">\n\t\t\t<div class=\"elementor-widget-wrap elementor-element-populated\">\n\t\t\t\t\t\t\t\t<div class=\"elementor-element elementor-element-582ac3a elementor-widget elementor-widget-image\" data-id=\"582ac3a\" data-element_type=\"widget\" data-widget_type=\"image.default\">\n\t\t\t\t<div class=\"elementor-widget-container\">\n\t\t\t\t\t\t\t\t\t\t\t\t\t\t\t<img loading=\"lazy\" decoding=\"async\" width=\"750\" height=\"216\" src=\"https:\/\/olivier-rochart.fr\/wp-content\/uploads\/2021\/03\/silex-1.jpg\" class=\"attachment-large size-large wp-image-648\" alt=\"\" srcset=\"https:\/\/olivier-rochart.fr\/wp-content\/uploads\/2021\/03\/silex-1.jpg 1000w, https:\/\/olivier-rochart.fr\/wp-content\/uploads\/2021\/03\/silex-1-300x86.jpg 300w, https:\/\/olivier-rochart.fr\/wp-content\/uploads\/2021\/03\/silex-1-768x221.jpg 768w\" sizes=\"(max-width: 750px) 100vw, 750px\" style=\"width:100%;height:28.8%;max-width:1000px\" \/>\t\t\t\t\t\t\t\t\t\t\t\t\t\t\t<\/div>\n\t\t\t\t<\/div>\n\t\t\t\t<div class=\"elementor-element elementor-element-af24290 elementor-widget elementor-widget-spacer\" data-id=\"af24290\" data-element_type=\"widget\" data-widget_type=\"spacer.default\">\n\t\t\t\t<div class=\"elementor-widget-container\">\n\t\t\t\t\t<div class=\"elementor-spacer\">\n\t\t\t<div class=\"elementor-spacer-inner\"><\/div>\n\t\t<\/div>\n\t\t\t\t<\/div>\n\t\t\t\t<\/div>\n\t\t\t\t\t<\/div>\n\t\t<\/div>\n\t\t\t\t\t\t\t<\/div>\n\t\t<\/section>\n\t\t\t\t<section class=\"elementor-section elementor-top-section elementor-element elementor-element-a761588 elementor-section-boxed elementor-section-height-default elementor-section-height-default\" data-id=\"a761588\" data-element_type=\"section\">\n\t\t\t\t\t\t<div class=\"elementor-container elementor-column-gap-default\">\n\t\t\t\t\t<div class=\"elementor-column elementor-col-25 elementor-top-column elementor-element elementor-element-7675ad2\" data-id=\"7675ad2\" data-element_type=\"column\">\n\t\t\t<div class=\"elementor-widget-wrap\">\n\t\t\t\t\t\t\t\t\t<\/div>\n\t\t<\/div>\n\t\t\t\t<div class=\"elementor-column elementor-col-50 elementor-top-column elementor-element elementor-element-9110a93\" data-id=\"9110a93\" data-element_type=\"column\">\n\t\t\t<div class=\"elementor-widget-wrap elementor-element-populated\">\n\t\t\t\t\t\t\t\t<div class=\"elementor-element elementor-element-b122119 elementor-widget elementor-widget-text-editor\" data-id=\"b122119\" data-element_type=\"widget\" data-widget_type=\"text-editor.default\">\n\t\t\t\t<div class=\"elementor-widget-container\">\n\t\t\t\t\t\t\t<p>Je suis un \u00ab\u00a0Poudreux\u00a0\u00bb comme on dit dans ce milieu qu&rsquo;est le le tir aux Armes Anciennes.<\/p>\t\t\t\t\t\t<\/div>\n\t\t\t\t<\/div>\n\t\t\t\t\t<\/div>\n\t\t<\/div>\n\t\t\t\t<div class=\"elementor-column elementor-col-25 elementor-top-column elementor-element elementor-element-a43d006\" data-id=\"a43d006\" data-element_type=\"column\">\n\t\t\t<div class=\"elementor-widget-wrap\">\n\t\t\t\t\t\t\t\t\t<\/div>\n\t\t<\/div>\n\t\t\t\t\t\t\t<\/div>\n\t\t<\/section>\n\t\t\t\t<section class=\"elementor-section elementor-top-section elementor-element elementor-element-584ae2e elementor-section-boxed elementor-section-height-default elementor-section-height-default\" data-id=\"584ae2e\" data-element_type=\"section\">\n\t\t\t\t\t\t<div class=\"elementor-container elementor-column-gap-default\">\n\t\t\t\t\t<div class=\"elementor-column elementor-col-25 elementor-top-column elementor-element elementor-element-6ff5cd9\" data-id=\"6ff5cd9\" data-element_type=\"column\">\n\t\t\t<div class=\"elementor-widget-wrap\">\n\t\t\t\t\t\t\t\t\t<\/div>\n\t\t<\/div>\n\t\t\t\t<div class=\"elementor-column elementor-col-50 elementor-top-column elementor-element elementor-element-881f505\" data-id=\"881f505\" data-element_type=\"column\">\n\t\t\t<div class=\"elementor-widget-wrap elementor-element-populated\">\n\t\t\t\t\t\t\t\t<div class=\"elementor-element elementor-element-0cb2c31 elementor-widget elementor-widget-image\" data-id=\"0cb2c31\" data-element_type=\"widget\" data-widget_type=\"image.default\">\n\t\t\t\t<div class=\"elementor-widget-container\">\n\t\t\t\t\t\t\t\t\t\t\t\t\t\t\t<img loading=\"lazy\" decoding=\"async\" width=\"300\" height=\"116\" src=\"https:\/\/olivier-rochart.fr\/wp-content\/uploads\/2021\/03\/Pistolet-a\u0300-poudre-noire-PEDERSOLI-Le-Page-a\u0300-silex-300x116.jpg\" class=\"attachment-medium size-medium wp-image-645\" alt=\"\" srcset=\"https:\/\/olivier-rochart.fr\/wp-content\/uploads\/2021\/03\/Pistolet-a\u0300-poudre-noire-PEDERSOLI-Le-Page-a\u0300-silex-300x116.jpg 300w, https:\/\/olivier-rochart.fr\/wp-content\/uploads\/2021\/03\/Pistolet-a\u0300-poudre-noire-PEDERSOLI-Le-Page-a\u0300-silex-1024x397.jpg 1024w, https:\/\/olivier-rochart.fr\/wp-content\/uploads\/2021\/03\/Pistolet-a\u0300-poudre-noire-PEDERSOLI-Le-Page-a\u0300-silex-768x298.jpg 768w, https:\/\/olivier-rochart.fr\/wp-content\/uploads\/2021\/03\/Pistolet-a\u0300-poudre-noire-PEDERSOLI-Le-Page-a\u0300-silex-1536x596.jpg 1536w, https:\/\/olivier-rochart.fr\/wp-content\/uploads\/2021\/03\/Pistolet-a\u0300-poudre-noire-PEDERSOLI-Le-Page-a\u0300-silex-1568x608.jpg 1568w, https:\/\/olivier-rochart.fr\/wp-content\/uploads\/2021\/03\/Pistolet-a\u0300-poudre-noire-PEDERSOLI-Le-Page-a\u0300-silex.jpg 2000w\" sizes=\"(max-width: 300px) 100vw, 300px\" style=\"width:100%;height:38.8%;max-width:2000px\" \/>\t\t\t\t\t\t\t\t\t\t\t\t\t\t\t<\/div>\n\t\t\t\t<\/div>\n\t\t\t\t\t<\/div>\n\t\t<\/div>\n\t\t\t\t<div class=\"elementor-column elementor-col-25 elementor-top-column elementor-element elementor-element-6b71cef\" data-id=\"6b71cef\" data-element_type=\"column\">\n\t\t\t<div class=\"elementor-widget-wrap\">\n\t\t\t\t\t\t\t\t\t<\/div>\n\t\t<\/div>\n\t\t\t\t\t\t\t<\/div>\n\t\t<\/section>\n\t\t\t\t<section class=\"elementor-section elementor-top-section elementor-element elementor-element-50d1133 elementor-section-boxed elementor-section-height-default elementor-section-height-default\" data-id=\"50d1133\" data-element_type=\"section\">\n\t\t\t\t\t\t<div class=\"elementor-container elementor-column-gap-default\">\n\t\t\t\t\t<div class=\"elementor-column elementor-col-25 elementor-top-column elementor-element elementor-element-8f54322\" data-id=\"8f54322\" data-element_type=\"column\">\n\t\t\t<div class=\"elementor-widget-wrap\">\n\t\t\t\t\t\t\t\t\t<\/div>\n\t\t<\/div>\n\t\t\t\t<div class=\"elementor-column elementor-col-50 elementor-top-column elementor-element elementor-element-ca0c5d1\" data-id=\"ca0c5d1\" data-element_type=\"column\">\n\t\t\t<div class=\"elementor-widget-wrap elementor-element-populated\">\n\t\t\t\t\t\t\t\t<div class=\"elementor-element elementor-element-0a4fe06 elementor-widget elementor-widget-text-editor\" data-id=\"0a4fe06\" data-element_type=\"widget\" data-widget_type=\"text-editor.default\">\n\t\t\t\t<div class=\"elementor-widget-container\">\n\t\t\t\t\t\t\t<p>Tir \u00e0 la poudre noire, chargement par \u00ab\u00a0la bouche\u00a0\u00bb du canon, \u00e0 percussion ou au silex ou encore \u00e0 m\u00e8che; voil\u00e0 quelques termes que l&rsquo;on utilise dans cette \u00ab\u00a0confr\u00e9rie\u00a0\u00bb.<\/p>\t\t\t\t\t\t<\/div>\n\t\t\t\t<\/div>\n\t\t\t\t<div class=\"elementor-element elementor-element-9dd4108 elementor-widget elementor-widget-spacer\" data-id=\"9dd4108\" data-element_type=\"widget\" data-widget_type=\"spacer.default\">\n\t\t\t\t<div class=\"elementor-widget-container\">\n\t\t\t\t\t<div class=\"elementor-spacer\">\n\t\t\t<div class=\"elementor-spacer-inner\"><\/div>\n\t\t<\/div>\n\t\t\t\t<\/div>\n\t\t\t\t<\/div>\n\t\t\t\t\t<\/div>\n\t\t<\/div>\n\t\t\t\t<div class=\"elementor-column elementor-col-25 elementor-top-column elementor-element elementor-element-4510f44\" data-id=\"4510f44\" data-element_type=\"column\">\n\t\t\t<div class=\"elementor-widget-wrap\">\n\t\t\t\t\t\t\t\t\t<\/div>\n\t\t<\/div>\n\t\t\t\t\t\t\t<\/div>\n\t\t<\/section>\n\t\t\t\t<section class=\"elementor-section elementor-top-section elementor-element elementor-element-79666a2 elementor-section-boxed elementor-section-height-default elementor-section-height-default\" data-id=\"79666a2\" data-element_type=\"section\">\n\t\t\t\t\t\t<div class=\"elementor-container elementor-column-gap-default\">\n\t\t\t\t\t<div class=\"elementor-column elementor-col-25 elementor-top-column elementor-element elementor-element-b12262a\" data-id=\"b12262a\" data-element_type=\"column\">\n\t\t\t<div class=\"elementor-widget-wrap\">\n\t\t\t\t\t\t\t\t\t<\/div>\n\t\t<\/div>\n\t\t\t\t<div class=\"elementor-column elementor-col-50 elementor-top-column elementor-element elementor-element-4250fe9\" data-id=\"4250fe9\" data-element_type=\"column\">\n\t\t\t<div class=\"elementor-widget-wrap elementor-element-populated\">\n\t\t\t\t\t\t\t\t<div class=\"elementor-element elementor-element-a30fc2a elementor-widget elementor-widget-image\" data-id=\"a30fc2a\" data-element_type=\"widget\" data-widget_type=\"image.default\">\n\t\t\t\t<div class=\"elementor-widget-container\">\n\t\t\t\t\t\t\t\t\t\t\t\t\t\t\t<img loading=\"lazy\" decoding=\"async\" width=\"300\" height=\"300\" src=\"https:\/\/olivier-rochart.fr\/wp-content\/uploads\/2021\/03\/trophe-1-300x300.png\" class=\"attachment-medium size-medium wp-image-662\" alt=\"\" srcset=\"https:\/\/olivier-rochart.fr\/wp-content\/uploads\/2021\/03\/trophe-1.png 300w, https:\/\/olivier-rochart.fr\/wp-content\/uploads\/2021\/03\/trophe-1-150x150.png 150w\" sizes=\"(max-width: 300px) 100vw, 300px\" style=\"width:100%;height:100%;max-width:300px\" \/>\t\t\t\t\t\t\t\t\t\t\t\t\t\t\t<\/div>\n\t\t\t\t<\/div>\n\t\t\t\t\t<\/div>\n\t\t<\/div>\n\t\t\t\t<div class=\"elementor-column elementor-col-25 elementor-top-column elementor-element elementor-element-b5b4672\" data-id=\"b5b4672\" data-element_type=\"column\">\n\t\t\t<div class=\"elementor-widget-wrap\">\n\t\t\t\t\t\t\t\t\t<\/div>\n\t\t<\/div>\n\t\t\t\t\t\t\t<\/div>\n\t\t<\/section>\n\t\t\t\t<section class=\"elementor-section elementor-top-section elementor-element elementor-element-7aadf93 elementor-section-boxed elementor-section-height-default elementor-section-height-default\" data-id=\"7aadf93\" data-element_type=\"section\">\n\t\t\t\t\t\t<div class=\"elementor-container elementor-column-gap-default\">\n\t\t\t\t\t<div class=\"elementor-column elementor-col-25 elementor-top-column elementor-element elementor-element-dfc286b\" data-id=\"dfc286b\" data-element_type=\"column\">\n\t\t\t<div class=\"elementor-widget-wrap\">\n\t\t\t\t\t\t\t\t\t<\/div>\n\t\t<\/div>\n\t\t\t\t<div class=\"elementor-column elementor-col-50 elementor-top-column elementor-element elementor-element-0f02549\" data-id=\"0f02549\" data-element_type=\"column\">\n\t\t\t<div class=\"elementor-widget-wrap elementor-element-populated\">\n\t\t\t\t\t\t\t\t<div class=\"elementor-element elementor-element-7c90743 elementor-widget elementor-widget-spacer\" data-id=\"7c90743\" data-element_type=\"widget\" data-widget_type=\"spacer.default\">\n\t\t\t\t<div class=\"elementor-widget-container\">\n\t\t\t\t\t<div class=\"elementor-spacer\">\n\t\t\t<div class=\"elementor-spacer-inner\"><\/div>\n\t\t<\/div>\n\t\t\t\t<\/div>\n\t\t\t\t<\/div>\n\t\t\t\t<div class=\"elementor-element elementor-element-f05700a elementor-widget elementor-widget-text-editor\" data-id=\"f05700a\" data-element_type=\"widget\" data-widget_type=\"text-editor.default\">\n\t\t\t\t<div class=\"elementor-widget-container\">\n\t\t\t\t\t\t\t<p>A force d&rsquo;entrainement et de pers\u00e9vrance, j&rsquo;ai eu la joie de d\u00e9crocher en <strong>2015<\/strong> le <strong>Titre de Champion R\u00e9gional au Pistolet<\/strong> (cat\u00e9gorie : Kuchenreuter) avec un <strong>score de : 96\/100<\/strong><\/p>\t\t\t\t\t\t<\/div>\n\t\t\t\t<\/div>\n\t\t\t\t<div class=\"elementor-element elementor-element-e77ceaf elementor-widget elementor-widget-spacer\" data-id=\"e77ceaf\" data-element_type=\"widget\" data-widget_type=\"spacer.default\">\n\t\t\t\t<div class=\"elementor-widget-container\">\n\t\t\t\t\t<div class=\"elementor-spacer\">\n\t\t\t<div class=\"elementor-spacer-inner\"><\/div>\n\t\t<\/div>\n\t\t\t\t<\/div>\n\t\t\t\t<\/div>\n\t\t\t\t\t<\/div>\n\t\t<\/div>\n\t\t\t\t<div class=\"elementor-column elementor-col-25 elementor-top-column elementor-element elementor-element-c9792a7\" data-id=\"c9792a7\" data-element_type=\"column\">\n\t\t\t<div class=\"elementor-widget-wrap\">\n\t\t\t\t\t\t\t\t\t<\/div>\n\t\t<\/div>\n\t\t\t\t\t\t\t<\/div>\n\t\t<\/section>\n\t\t\t\t<section class=\"elementor-section elementor-top-section elementor-element elementor-element-8e9c5ea elementor-section-boxed elementor-section-height-default elementor-section-height-default\" data-id=\"8e9c5ea\" data-element_type=\"section\">\n\t\t\t\t\t\t<div class=\"elementor-container elementor-column-gap-default\">\n\t\t\t\t\t<div class=\"elementor-column elementor-col-25 elementor-top-column elementor-element elementor-element-264f99a\" data-id=\"264f99a\" data-element_type=\"column\">\n\t\t\t<div class=\"elementor-widget-wrap\">\n\t\t\t\t\t\t\t\t\t<\/div>\n\t\t<\/div>\n\t\t\t\t<div class=\"elementor-column elementor-col-25 elementor-top-column elementor-element elementor-element-c3a050b\" data-id=\"c3a050b\" data-element_type=\"column\">\n\t\t\t<div class=\"elementor-widget-wrap elementor-element-populated\">\n\t\t\t\t\t\t\t\t<div class=\"elementor-element elementor-element-1b0b0f7 elementor-widget elementor-widget-image\" data-id=\"1b0b0f7\" data-element_type=\"widget\" data-widget_type=\"image.default\">\n\t\t\t\t<div class=\"elementor-widget-container\">\n\t\t\t\t\t\t\t\t\t\t\t\t\t\t\t<img loading=\"lazy\" decoding=\"async\" width=\"750\" height=\"276\" src=\"https:\/\/olivier-rochart.fr\/wp-content\/uploads\/2021\/03\/Mang-In-Graz_match-768x283.jpg\" class=\"attachment-medium_large size-medium_large wp-image-646\" alt=\"\" srcset=\"https:\/\/olivier-rochart.fr\/wp-content\/uploads\/2021\/03\/Mang-In-Graz_match-768x283.jpg 768w, https:\/\/olivier-rochart.fr\/wp-content\/uploads\/2021\/03\/Mang-In-Graz_match-300x111.jpg 300w, https:\/\/olivier-rochart.fr\/wp-content\/uploads\/2021\/03\/Mang-In-Graz_match-1024x377.jpg 1024w, https:\/\/olivier-rochart.fr\/wp-content\/uploads\/2021\/03\/Mang-In-Graz_match-1536x566.jpg 1536w, https:\/\/olivier-rochart.fr\/wp-content\/uploads\/2021\/03\/Mang-In-Graz_match-2048x755.jpg 2048w, https:\/\/olivier-rochart.fr\/wp-content\/uploads\/2021\/03\/Mang-In-Graz_match-1568x578.jpg 1568w\" sizes=\"(max-width: 750px) 100vw, 750px\" style=\"width:100%;height:36.85%;max-width:2244px\" \/>\t\t\t\t\t\t\t\t\t\t\t\t\t\t\t<\/div>\n\t\t\t\t<\/div>\n\t\t\t\t\t<\/div>\n\t\t<\/div>\n\t\t\t\t<div class=\"elementor-column elementor-col-25 elementor-top-column elementor-element elementor-element-516a1f0\" data-id=\"516a1f0\" data-element_type=\"column\">\n\t\t\t<div class=\"elementor-widget-wrap elementor-element-populated\">\n\t\t\t\t\t\t\t\t<div class=\"elementor-element elementor-element-51392f7 elementor-widget elementor-widget-image\" data-id=\"51392f7\" data-element_type=\"widget\" data-widget_type=\"image.default\">\n\t\t\t\t<div class=\"elementor-widget-container\">\n\t\t\t\t\t\t\t\t\t\t\t\t\t\t\t<img loading=\"lazy\" decoding=\"async\" width=\"640\" height=\"455\" src=\"https:\/\/olivier-rochart.fr\/wp-content\/uploads\/2021\/03\/cible-score-compe\u0301tition.jpeg\" class=\"attachment-medium_large size-medium_large wp-image-644\" alt=\"\" srcset=\"https:\/\/olivier-rochart.fr\/wp-content\/uploads\/2021\/03\/cible-score-compe\u0301tition.jpeg 640w, https:\/\/olivier-rochart.fr\/wp-content\/uploads\/2021\/03\/cible-score-compe\u0301tition-300x213.jpeg 300w\" sizes=\"(max-width: 640px) 100vw, 640px\" style=\"width:100%;height:71.09%;max-width:640px\" \/>\t\t\t\t\t\t\t\t\t\t\t\t\t\t\t<\/div>\n\t\t\t\t<\/div>\n\t\t\t\t\t<\/div>\n\t\t<\/div>\n\t\t\t\t<div class=\"elementor-column elementor-col-25 elementor-top-column elementor-element elementor-element-eeca3a4\" data-id=\"eeca3a4\" data-element_type=\"column\">\n\t\t\t<div class=\"elementor-widget-wrap\">\n\t\t\t\t\t\t\t\t\t<\/div>\n\t\t<\/div>\n\t\t\t\t\t\t\t<\/div>\n\t\t<\/section>\n\t\t\t\t<section class=\"elementor-section elementor-top-section elementor-element elementor-element-5748a43 elementor-section-boxed elementor-section-height-default elementor-section-height-default\" data-id=\"5748a43\" data-element_type=\"section\">\n\t\t\t\t\t\t<div class=\"elementor-container elementor-column-gap-default\">\n\t\t\t\t\t<div class=\"elementor-column elementor-col-25 elementor-top-column elementor-element elementor-element-3609174\" data-id=\"3609174\" data-element_type=\"column\">\n\t\t\t<div class=\"elementor-widget-wrap\">\n\t\t\t\t\t\t\t\t\t<\/div>\n\t\t<\/div>\n\t\t\t\t<div class=\"elementor-column elementor-col-50 elementor-top-column elementor-element elementor-element-ee062e2\" data-id=\"ee062e2\" data-element_type=\"column\">\n\t\t\t<div class=\"elementor-widget-wrap elementor-element-populated\">\n\t\t\t\t\t\t\t\t<div class=\"elementor-element elementor-element-afa733c elementor-widget elementor-widget-spacer\" data-id=\"afa733c\" data-element_type=\"widget\" data-widget_type=\"spacer.default\">\n\t\t\t\t<div class=\"elementor-widget-container\">\n\t\t\t\t\t<div class=\"elementor-spacer\">\n\t\t\t<div class=\"elementor-spacer-inner\"><\/div>\n\t\t<\/div>\n\t\t\t\t<\/div>\n\t\t\t\t<\/div>\n\t\t\t\t<div class=\"elementor-element elementor-element-849349f elementor-widget-divider--view-line elementor-widget elementor-widget-divider\" data-id=\"849349f\" data-element_type=\"widget\" data-widget_type=\"divider.default\">\n\t\t\t\t<div class=\"elementor-widget-container\">\n\t\t\t\t\t<div class=\"elementor-divider\">\n\t\t\t<span class=\"elementor-divider-separator\">\n\t\t\t\t\t\t<\/span>\n\t\t<\/div>\n\t\t\t\t<\/div>\n\t\t\t\t<\/div>\n\t\t\t\t\t<\/div>\n\t\t<\/div>\n\t\t\t\t<div class=\"elementor-column elementor-col-25 elementor-top-column elementor-element elementor-element-dc57ed9\" data-id=\"dc57ed9\" data-element_type=\"column\">\n\t\t\t<div class=\"elementor-widget-wrap\">\n\t\t\t\t\t\t\t\t\t<\/div>\n\t\t<\/div>\n\t\t\t\t\t\t\t<\/div>\n\t\t<\/section>\n\t\t\t\t\t\t\t<\/div>\n\t\t","protected":false},"excerpt":{"rendered":"<p>Au tir, faire \u00ab\u00a0Mouche\u00a0\u00bb c&rsquo;est facile, le refaire au coup suivant&#8230; encore et encore, c&rsquo;est l\u00e0 que le terme de (bon) \u00ab\u00a0tireur\u00a0\u00bb prend tout son sens Je suis un \u00ab\u00a0Poudreux\u00a0\u00bb comme on dit dans ce milieu qu&rsquo;est le le tir aux Armes Anciennes. Tir \u00e0 la poudre noire, chargement par \u00ab\u00a0la bouche\u00a0\u00bb du canon, \u00e0&hellip; <a class=\"more-link\" href=\"https:\/\/olivier-rochart.fr\/index.php\/tir-sportif\/\">Poursuivre la lecture <span class=\"screen-reader-text\">Tir Sportif<\/span><\/a><\/p>\n","protected":false},"author":1,"featured_media":0,"parent":0,"menu_order":0,"comment_status":"closed","ping_status":"closed","template":"","meta":{"footnotes":""},"_links":{"self":[{"href":"https:\/\/olivier-rochart.fr\/index.php\/wp-json\/wp\/v2\/pages\/130"}],"collection":[{"href":"https:\/\/olivier-rochart.fr\/index.php\/wp-json\/wp\/v2\/pages"}],"about":[{"href":"https:\/\/olivier-rochart.fr\/index.php\/wp-json\/wp\/v2\/types\/page"}],"author":[{"embeddable":true,"href":"https:\/\/olivier-rochart.fr\/index.php\/wp-json\/wp\/v2\/users\/1"}],"replies":[{"embeddable":true,"href":"https:\/\/olivier-rochart.fr\/index.php\/wp-json\/wp\/v2\/comments?post=130"}],"version-history":[{"count":46,"href":"https:\/\/olivier-rochart.fr\/index.php\/wp-json\/wp\/v2\/pages\/130\/revisions"}],"predecessor-version":[{"id":1534,"href":"https:\/\/olivier-rochart.fr\/index.php\/wp-json\/wp\/v2\/pages\/130\/revisions\/1534"}],"wp:attachment":[{"href":"https:\/\/olivier-rochart.fr\/index.php\/wp-json\/wp\/v2\/media?parent=130"}],"curies":[{"name":"wp","href":"https:\/\/api.w.org\/{rel}","templated":true}]}}