{"id":122,"date":"2021-03-22T10:52:13","date_gmt":"2021-03-22T09:52:13","guid":{"rendered":"https:\/\/olivier-rochart.fr\/?page_id=122"},"modified":"2021-04-07T14:40:17","modified_gmt":"2021-04-07T12:40:17","slug":"restauration-collective","status":"publish","type":"page","link":"https:\/\/olivier-rochart.fr\/index.php\/restauration-collective\/","title":{"rendered":"Restauration Collective"},"content":{"rendered":"\t\t<div data-elementor-type=\"wp-page\" data-elementor-id=\"122\" class=\"elementor elementor-122\">\n\t\t\t\t\t\t\t\t\t<section class=\"elementor-section elementor-top-section elementor-element elementor-element-c15a0dd elementor-section-stretched elementor-section-boxed elementor-section-height-default elementor-section-height-default\" data-id=\"c15a0dd\" data-element_type=\"section\" data-settings=\"{&quot;stretch_section&quot;:&quot;section-stretched&quot;}\">\n\t\t\t\t\t\t<div class=\"elementor-container elementor-column-gap-default\">\n\t\t\t\t\t<div class=\"elementor-column elementor-col-100 elementor-top-column elementor-element elementor-element-42f4ac0\" data-id=\"42f4ac0\" data-element_type=\"column\">\n\t\t\t<div class=\"elementor-widget-wrap elementor-element-populated\">\n\t\t\t\t\t\t\t\t<div class=\"elementor-element elementor-element-aae4cc7 animated-slow elementor-invisible elementor-widget elementor-widget-image\" data-id=\"aae4cc7\" data-element_type=\"widget\" data-settings=\"{&quot;_animation&quot;:&quot;zoomIn&quot;}\" data-widget_type=\"image.default\">\n\t\t\t\t<div class=\"elementor-widget-container\">\n\t\t\t\t\t\t\t\t\t\t\t\t\t\t\t<img loading=\"lazy\" decoding=\"async\" width=\"750\" height=\"422\" src=\"https:\/\/olivier-rochart.fr\/wp-content\/uploads\/2021\/03\/resto-coll_intro.png\" class=\"attachment-large size-large wp-image-532\" alt=\"\" srcset=\"https:\/\/olivier-rochart.fr\/wp-content\/uploads\/2021\/03\/resto-coll_intro.png 888w, https:\/\/olivier-rochart.fr\/wp-content\/uploads\/2021\/03\/resto-coll_intro-300x169.png 300w, https:\/\/olivier-rochart.fr\/wp-content\/uploads\/2021\/03\/resto-coll_intro-768x432.png 768w\" sizes=\"(max-width: 750px) 100vw, 750px\" style=\"width:100%;height:56.31%;max-width:888px\" \/>\t\t\t\t\t\t\t\t\t\t\t\t\t\t\t<\/div>\n\t\t\t\t<\/div>\n\t\t\t\t\t<\/div>\n\t\t<\/div>\n\t\t\t\t\t\t\t<\/div>\n\t\t<\/section>\n\t\t\t\t<section class=\"elementor-section elementor-top-section elementor-element elementor-element-478c111 elementor-section-boxed elementor-section-height-default elementor-section-height-default\" data-id=\"478c111\" data-element_type=\"section\">\n\t\t\t\t\t\t<div class=\"elementor-container elementor-column-gap-default\">\n\t\t\t\t\t<div class=\"elementor-column elementor-col-33 elementor-top-column elementor-element elementor-element-5af5a0b\" data-id=\"5af5a0b\" data-element_type=\"column\">\n\t\t\t<div class=\"elementor-widget-wrap elementor-element-populated\">\n\t\t\t\t\t\t\t\t<div class=\"elementor-element elementor-element-d30785c elementor-widget elementor-widget-image\" data-id=\"d30785c\" data-element_type=\"widget\" data-widget_type=\"image.default\">\n\t\t\t\t<div class=\"elementor-widget-container\">\n\t\t\t\t\t\t\t\t\t\t\t\t\t\t\t<img loading=\"lazy\" decoding=\"async\" width=\"500\" height=\"150\" src=\"https:\/\/olivier-rochart.fr\/wp-content\/uploads\/2021\/03\/entre_1995-et-actu.png\" class=\"attachment-medium_large size-medium_large wp-image-561\" alt=\"\" srcset=\"https:\/\/olivier-rochart.fr\/wp-content\/uploads\/2021\/03\/entre_1995-et-actu.png 500w, https:\/\/olivier-rochart.fr\/wp-content\/uploads\/2021\/03\/entre_1995-et-actu-300x90.png 300w\" sizes=\"(max-width: 500px) 100vw, 500px\" style=\"width:100%;height:30%;max-width:500px\" \/>\t\t\t\t\t\t\t\t\t\t\t\t\t\t\t<\/div>\n\t\t\t\t<\/div>\n\t\t\t\t<div class=\"elementor-element elementor-element-fe7314f elementor-widget elementor-widget-spacer\" data-id=\"fe7314f\" data-element_type=\"widget\" data-widget_type=\"spacer.default\">\n\t\t\t\t<div class=\"elementor-widget-container\">\n\t\t\t\t\t<div class=\"elementor-spacer\">\n\t\t\t<div class=\"elementor-spacer-inner\"><\/div>\n\t\t<\/div>\n\t\t\t\t<\/div>\n\t\t\t\t<\/div>\n\t\t\t\t\t<\/div>\n\t\t<\/div>\n\t\t\t\t<div class=\"elementor-column elementor-col-66 elementor-top-column elementor-element elementor-element-8eb4777\" data-id=\"8eb4777\" data-element_type=\"column\">\n\t\t\t<div class=\"elementor-widget-wrap\">\n\t\t\t\t\t\t\t\t\t<\/div>\n\t\t<\/div>\n\t\t\t\t\t\t\t<\/div>\n\t\t<\/section>\n\t\t\t\t<section class=\"elementor-section elementor-top-section elementor-element elementor-element-7f5ef62 elementor-section-boxed elementor-section-height-default elementor-section-height-default\" data-id=\"7f5ef62\" data-element_type=\"section\">\n\t\t\t\t\t\t<div class=\"elementor-container elementor-column-gap-default\">\n\t\t\t\t\t<div class=\"elementor-column elementor-col-100 elementor-top-column elementor-element elementor-element-764412e\" data-id=\"764412e\" data-element_type=\"column\">\n\t\t\t<div class=\"elementor-widget-wrap elementor-element-populated\">\n\t\t\t\t\t\t\t\t<div class=\"elementor-element elementor-element-e9b97ff elementor-widget elementor-widget-text-editor\" data-id=\"e9b97ff\" data-element_type=\"widget\" data-widget_type=\"text-editor.default\">\n\t\t\t\t<div class=\"elementor-widget-container\">\n\t\t\t\t\t\t\t<p>Voici quelques sites de r\u00e9f\u00e9rences o\u00f9 je fus le g\u00e9rant pour des dur\u00e9es allant de 2 \u00e0 10 ans pour la plus longue p\u00e9riode.<\/p>\t\t\t\t\t\t<\/div>\n\t\t\t\t<\/div>\n\t\t\t\t\t<\/div>\n\t\t<\/div>\n\t\t\t\t\t\t\t<\/div>\n\t\t<\/section>\n\t\t\t\t<section class=\"elementor-section elementor-top-section elementor-element elementor-element-4d26586 elementor-section-boxed elementor-section-height-default elementor-section-height-default\" data-id=\"4d26586\" data-element_type=\"section\">\n\t\t\t\t\t\t<div class=\"elementor-container elementor-column-gap-default\">\n\t\t\t\t\t<div class=\"elementor-column elementor-col-20 elementor-top-column elementor-element elementor-element-d7c3684\" data-id=\"d7c3684\" data-element_type=\"column\">\n\t\t\t<div class=\"elementor-widget-wrap elementor-element-populated\">\n\t\t\t\t\t\t\t\t<div class=\"elementor-element elementor-element-c8a4643 elementor-widget elementor-widget-image\" data-id=\"c8a4643\" data-element_type=\"widget\" data-widget_type=\"image.default\">\n\t\t\t\t<div class=\"elementor-widget-container\">\n\t\t\t\t\t\t\t\t\t\t\t\t\t\t\t<img loading=\"lazy\" decoding=\"async\" width=\"750\" height=\"750\" src=\"https:\/\/olivier-rochart.fr\/wp-content\/uploads\/2021\/03\/presentation_resto01-1-1024x1024.png\" class=\"attachment-large size-large wp-image-562\" alt=\"\" srcset=\"https:\/\/olivier-rochart.fr\/wp-content\/uploads\/2021\/03\/presentation_resto01-1-1024x1024.png 1024w, https:\/\/olivier-rochart.fr\/wp-content\/uploads\/2021\/03\/presentation_resto01-1-300x300.png 300w, https:\/\/olivier-rochart.fr\/wp-content\/uploads\/2021\/03\/presentation_resto01-1-150x150.png 150w, https:\/\/olivier-rochart.fr\/wp-content\/uploads\/2021\/03\/presentation_resto01-1-768x768.png 768w, https:\/\/olivier-rochart.fr\/wp-content\/uploads\/2021\/03\/presentation_resto01-1.png 1250w\" sizes=\"(max-width: 750px) 100vw, 750px\" style=\"width:100%;height:100%;max-width:1250px\" \/>\t\t\t\t\t\t\t\t\t\t\t\t\t\t\t<\/div>\n\t\t\t\t<\/div>\n\t\t\t\t\t<\/div>\n\t\t<\/div>\n\t\t\t\t<div class=\"elementor-column elementor-col-20 elementor-top-column elementor-element elementor-element-3b337b8\" data-id=\"3b337b8\" data-element_type=\"column\">\n\t\t\t<div class=\"elementor-widget-wrap elementor-element-populated\">\n\t\t\t\t\t\t\t\t<div class=\"elementor-element elementor-element-479ff94 elementor-widget elementor-widget-image\" data-id=\"479ff94\" data-element_type=\"widget\" data-widget_type=\"image.default\">\n\t\t\t\t<div class=\"elementor-widget-container\">\n\t\t\t\t\t\t\t\t\t\t\t\t\t\t\t<img loading=\"lazy\" decoding=\"async\" width=\"750\" height=\"750\" src=\"https:\/\/olivier-rochart.fr\/wp-content\/uploads\/2021\/03\/presentation_resto02-1024x1024.png\" class=\"attachment-large size-large wp-image-563\" alt=\"\" srcset=\"https:\/\/olivier-rochart.fr\/wp-content\/uploads\/2021\/03\/presentation_resto02-1024x1024.png 1024w, https:\/\/olivier-rochart.fr\/wp-content\/uploads\/2021\/03\/presentation_resto02-300x300.png 300w, https:\/\/olivier-rochart.fr\/wp-content\/uploads\/2021\/03\/presentation_resto02-150x150.png 150w, https:\/\/olivier-rochart.fr\/wp-content\/uploads\/2021\/03\/presentation_resto02-768x768.png 768w, https:\/\/olivier-rochart.fr\/wp-content\/uploads\/2021\/03\/presentation_resto02.png 1250w\" sizes=\"(max-width: 750px) 100vw, 750px\" style=\"width:100%;height:100%;max-width:1250px\" \/>\t\t\t\t\t\t\t\t\t\t\t\t\t\t\t<\/div>\n\t\t\t\t<\/div>\n\t\t\t\t\t<\/div>\n\t\t<\/div>\n\t\t\t\t<div class=\"elementor-column elementor-col-20 elementor-top-column elementor-element elementor-element-4328ce0\" data-id=\"4328ce0\" data-element_type=\"column\">\n\t\t\t<div class=\"elementor-widget-wrap elementor-element-populated\">\n\t\t\t\t\t\t\t\t<div class=\"elementor-element elementor-element-72586a5 elementor-widget elementor-widget-image\" data-id=\"72586a5\" data-element_type=\"widget\" data-widget_type=\"image.default\">\n\t\t\t\t<div class=\"elementor-widget-container\">\n\t\t\t\t\t\t\t\t\t\t\t\t\t\t\t<img loading=\"lazy\" decoding=\"async\" width=\"750\" height=\"750\" src=\"https:\/\/olivier-rochart.fr\/wp-content\/uploads\/2021\/03\/presentation_resto03-1024x1024.png\" class=\"attachment-large size-large wp-image-566\" alt=\"\" srcset=\"https:\/\/olivier-rochart.fr\/wp-content\/uploads\/2021\/03\/presentation_resto03-1024x1024.png 1024w, https:\/\/olivier-rochart.fr\/wp-content\/uploads\/2021\/03\/presentation_resto03-300x300.png 300w, https:\/\/olivier-rochart.fr\/wp-content\/uploads\/2021\/03\/presentation_resto03-150x150.png 150w, https:\/\/olivier-rochart.fr\/wp-content\/uploads\/2021\/03\/presentation_resto03-768x768.png 768w, https:\/\/olivier-rochart.fr\/wp-content\/uploads\/2021\/03\/presentation_resto03.png 1250w\" sizes=\"(max-width: 750px) 100vw, 750px\" style=\"width:100%;height:100%;max-width:1250px\" \/>\t\t\t\t\t\t\t\t\t\t\t\t\t\t\t<\/div>\n\t\t\t\t<\/div>\n\t\t\t\t\t<\/div>\n\t\t<\/div>\n\t\t\t\t<div class=\"elementor-column elementor-col-20 elementor-top-column elementor-element elementor-element-cb0267f\" data-id=\"cb0267f\" data-element_type=\"column\">\n\t\t\t<div class=\"elementor-widget-wrap elementor-element-populated\">\n\t\t\t\t\t\t\t\t<div class=\"elementor-element elementor-element-d01ee5d elementor-widget elementor-widget-image\" data-id=\"d01ee5d\" data-element_type=\"widget\" data-widget_type=\"image.default\">\n\t\t\t\t<div class=\"elementor-widget-container\">\n\t\t\t\t\t\t\t\t\t\t\t\t\t\t\t<img loading=\"lazy\" decoding=\"async\" width=\"750\" height=\"750\" src=\"https:\/\/olivier-rochart.fr\/wp-content\/uploads\/2021\/03\/presentation_resto04-1024x1024.png\" class=\"attachment-large size-large wp-image-564\" alt=\"\" srcset=\"https:\/\/olivier-rochart.fr\/wp-content\/uploads\/2021\/03\/presentation_resto04-1024x1024.png 1024w, https:\/\/olivier-rochart.fr\/wp-content\/uploads\/2021\/03\/presentation_resto04-300x300.png 300w, https:\/\/olivier-rochart.fr\/wp-content\/uploads\/2021\/03\/presentation_resto04-150x150.png 150w, https:\/\/olivier-rochart.fr\/wp-content\/uploads\/2021\/03\/presentation_resto04-768x768.png 768w, https:\/\/olivier-rochart.fr\/wp-content\/uploads\/2021\/03\/presentation_resto04.png 1250w\" sizes=\"(max-width: 750px) 100vw, 750px\" style=\"width:100%;height:100%;max-width:1250px\" \/>\t\t\t\t\t\t\t\t\t\t\t\t\t\t\t<\/div>\n\t\t\t\t<\/div>\n\t\t\t\t\t<\/div>\n\t\t<\/div>\n\t\t\t\t<div class=\"elementor-column elementor-col-20 elementor-top-column elementor-element elementor-element-8fc6dbe\" data-id=\"8fc6dbe\" data-element_type=\"column\">\n\t\t\t<div class=\"elementor-widget-wrap elementor-element-populated\">\n\t\t\t\t\t\t\t\t<div class=\"elementor-element elementor-element-51c5643 elementor-widget elementor-widget-image\" data-id=\"51c5643\" data-element_type=\"widget\" data-widget_type=\"image.default\">\n\t\t\t\t<div class=\"elementor-widget-container\">\n\t\t\t\t\t\t\t\t\t\t\t\t\t\t\t<img loading=\"lazy\" decoding=\"async\" width=\"750\" height=\"750\" src=\"https:\/\/olivier-rochart.fr\/wp-content\/uploads\/2021\/03\/presentation_resto05-1024x1024.png\" class=\"attachment-large size-large wp-image-565\" alt=\"\" srcset=\"https:\/\/olivier-rochart.fr\/wp-content\/uploads\/2021\/03\/presentation_resto05-1024x1024.png 1024w, https:\/\/olivier-rochart.fr\/wp-content\/uploads\/2021\/03\/presentation_resto05-300x300.png 300w, https:\/\/olivier-rochart.fr\/wp-content\/uploads\/2021\/03\/presentation_resto05-150x150.png 150w, https:\/\/olivier-rochart.fr\/wp-content\/uploads\/2021\/03\/presentation_resto05-768x768.png 768w, https:\/\/olivier-rochart.fr\/wp-content\/uploads\/2021\/03\/presentation_resto05.png 1250w\" sizes=\"(max-width: 750px) 100vw, 750px\" style=\"width:100%;height:100%;max-width:1250px\" \/>\t\t\t\t\t\t\t\t\t\t\t\t\t\t\t<\/div>\n\t\t\t\t<\/div>\n\t\t\t\t\t<\/div>\n\t\t<\/div>\n\t\t\t\t\t\t\t<\/div>\n\t\t<\/section>\n\t\t\t\t<section class=\"elementor-section elementor-top-section elementor-element elementor-element-33c46d1 elementor-section-boxed elementor-section-height-default elementor-section-height-default\" data-id=\"33c46d1\" data-element_type=\"section\">\n\t\t\t\t\t\t<div class=\"elementor-container elementor-column-gap-default\">\n\t\t\t\t\t<div class=\"elementor-column elementor-col-100 elementor-top-column elementor-element elementor-element-fea3d8c\" data-id=\"fea3d8c\" data-element_type=\"column\">\n\t\t\t<div class=\"elementor-widget-wrap elementor-element-populated\">\n\t\t\t\t\t\t\t\t<div class=\"elementor-element elementor-element-437ed0f elementor-widget elementor-widget-text-editor\" data-id=\"437ed0f\" data-element_type=\"widget\" data-widget_type=\"text-editor.default\">\n\t\t\t\t<div class=\"elementor-widget-container\">\n\t\t\t\t\t\t\t<p>La liste n&rsquo;est pas exaustive mais limitons le d\u00e9filement.<\/p>\t\t\t\t\t\t<\/div>\n\t\t\t\t<\/div>\n\t\t\t\t\t<\/div>\n\t\t<\/div>\n\t\t\t\t\t\t\t<\/div>\n\t\t<\/section>\n\t\t\t\t<section class=\"elementor-section elementor-top-section elementor-element elementor-element-d62897b elementor-section-boxed elementor-section-height-default elementor-section-height-default\" data-id=\"d62897b\" data-element_type=\"section\">\n\t\t\t\t\t\t<div class=\"elementor-container elementor-column-gap-default\">\n\t\t\t\t\t<div class=\"elementor-column elementor-col-25 elementor-top-column elementor-element elementor-element-159d50a\" data-id=\"159d50a\" data-element_type=\"column\">\n\t\t\t<div class=\"elementor-widget-wrap\">\n\t\t\t\t\t\t\t\t\t<\/div>\n\t\t<\/div>\n\t\t\t\t<div class=\"elementor-column elementor-col-50 elementor-top-column elementor-element elementor-element-6299873\" data-id=\"6299873\" data-element_type=\"column\">\n\t\t\t<div class=\"elementor-widget-wrap elementor-element-populated\">\n\t\t\t\t\t\t\t\t<div class=\"elementor-element elementor-element-c702382 elementor-widget elementor-widget-spacer\" data-id=\"c702382\" data-element_type=\"widget\" data-widget_type=\"spacer.default\">\n\t\t\t\t<div class=\"elementor-widget-container\">\n\t\t\t\t\t<div class=\"elementor-spacer\">\n\t\t\t<div class=\"elementor-spacer-inner\"><\/div>\n\t\t<\/div>\n\t\t\t\t<\/div>\n\t\t\t\t<\/div>\n\t\t\t\t<div class=\"elementor-element elementor-element-3181ad3 animated-slow elementor-invisible elementor-widget elementor-widget-image\" data-id=\"3181ad3\" data-element_type=\"widget\" data-settings=\"{&quot;_animation&quot;:&quot;zoomIn&quot;}\" data-widget_type=\"image.default\">\n\t\t\t\t<div class=\"elementor-widget-container\">\n\t\t\t\t\t\t\t\t\t\t\t\t\t\t\t<img loading=\"lazy\" decoding=\"async\" width=\"750\" height=\"261\" src=\"https:\/\/olivier-rochart.fr\/wp-content\/uploads\/2021\/03\/bandeau_bas-1024x356.png\" class=\"attachment-large size-large wp-image-567\" alt=\"\" srcset=\"https:\/\/olivier-rochart.fr\/wp-content\/uploads\/2021\/03\/bandeau_bas-1024x356.png 1024w, https:\/\/olivier-rochart.fr\/wp-content\/uploads\/2021\/03\/bandeau_bas-300x104.png 300w, https:\/\/olivier-rochart.fr\/wp-content\/uploads\/2021\/03\/bandeau_bas-768x267.png 768w, https:\/\/olivier-rochart.fr\/wp-content\/uploads\/2021\/03\/bandeau_bas.png 1440w\" sizes=\"(max-width: 750px) 100vw, 750px\" style=\"width:100%;height:34.72%;max-width:1440px\" \/>\t\t\t\t\t\t\t\t\t\t\t\t\t\t\t<\/div>\n\t\t\t\t<\/div>\n\t\t\t\t<div class=\"elementor-element elementor-element-291bdf6 elementor-widget elementor-widget-spacer\" data-id=\"291bdf6\" data-element_type=\"widget\" data-widget_type=\"spacer.default\">\n\t\t\t\t<div class=\"elementor-widget-container\">\n\t\t\t\t\t<div class=\"elementor-spacer\">\n\t\t\t<div class=\"elementor-spacer-inner\"><\/div>\n\t\t<\/div>\n\t\t\t\t<\/div>\n\t\t\t\t<\/div>\n\t\t\t\t<div class=\"elementor-element elementor-element-256d9fe elementor-widget-divider--view-line elementor-widget elementor-widget-divider\" data-id=\"256d9fe\" data-element_type=\"widget\" data-widget_type=\"divider.default\">\n\t\t\t\t<div class=\"elementor-widget-container\">\n\t\t\t\t\t<div class=\"elementor-divider\">\n\t\t\t<span class=\"elementor-divider-separator\">\n\t\t\t\t\t\t<\/span>\n\t\t<\/div>\n\t\t\t\t<\/div>\n\t\t\t\t<\/div>\n\t\t\t\t\t<\/div>\n\t\t<\/div>\n\t\t\t\t<div class=\"elementor-column elementor-col-25 elementor-top-column elementor-element elementor-element-35ac5ed\" data-id=\"35ac5ed\" data-element_type=\"column\">\n\t\t\t<div class=\"elementor-widget-wrap\">\n\t\t\t\t\t\t\t\t\t<\/div>\n\t\t<\/div>\n\t\t\t\t\t\t\t<\/div>\n\t\t<\/section>\n\t\t\t\t\t\t\t<\/div>\n\t\t","protected":false},"excerpt":{"rendered":"<p>Voici quelques sites de r\u00e9f\u00e9rences o\u00f9 je fus le g\u00e9rant pour des dur\u00e9es allant de 2 \u00e0 10 ans pour la plus longue p\u00e9riode. La liste n&rsquo;est pas exaustive mais limitons le d\u00e9filement.<\/p>\n","protected":false},"author":1,"featured_media":0,"parent":0,"menu_order":0,"comment_status":"closed","ping_status":"closed","template":"","meta":{"footnotes":""},"_links":{"self":[{"href":"https:\/\/olivier-rochart.fr\/index.php\/wp-json\/wp\/v2\/pages\/122"}],"collection":[{"href":"https:\/\/olivier-rochart.fr\/index.php\/wp-json\/wp\/v2\/pages"}],"about":[{"href":"https:\/\/olivier-rochart.fr\/index.php\/wp-json\/wp\/v2\/types\/page"}],"author":[{"embeddable":true,"href":"https:\/\/olivier-rochart.fr\/index.php\/wp-json\/wp\/v2\/users\/1"}],"replies":[{"embeddable":true,"href":"https:\/\/olivier-rochart.fr\/index.php\/wp-json\/wp\/v2\/comments?post=122"}],"version-history":[{"count":37,"href":"https:\/\/olivier-rochart.fr\/index.php\/wp-json\/wp\/v2\/pages\/122\/revisions"}],"predecessor-version":[{"id":1509,"href":"https:\/\/olivier-rochart.fr\/index.php\/wp-json\/wp\/v2\/pages\/122\/revisions\/1509"}],"wp:attachment":[{"href":"https:\/\/olivier-rochart.fr\/index.php\/wp-json\/wp\/v2\/media?parent=122"}],"curies":[{"name":"wp","href":"https:\/\/api.w.org\/{rel}","templated":true}]}}